{"id":46,"date":"2024-12-24T16:06:10","date_gmt":"2024-12-24T15:06:10","guid":{"rendered":"https:\/\/kryptonet.fr\/?page_id=46"},"modified":"2025-01-06T15:00:09","modified_gmt":"2025-01-06T14:00:09","slug":"mentions-legales","status":"publish","type":"page","link":"https:\/\/kryptonet.fr\/?page_id=46","title":{"rendered":"Mentions L\u00e9gales"},"content":{"rendered":"\n<p><strong>Cookies<\/strong><\/p>\n\n\n\n<p>Aucun cookie n&rsquo;est utilis\u00e9 sur ce site.<\/p>\n\n\n\n<p><strong>Donn\u00e9es personnelles<\/strong><\/p>\n\n\n\n<p>Ce site ne collecte aucune donn\u00e9e personnelle, en conformit\u00e9 avec le RGPD (R\u00e8glement G\u00e9n\u00e9ral sur la Protection des Donn\u00e9es) UE 2016\/679 du 27 Avril 2016<\/p>\n\n\n\n<p><\/p>\n\n\n\n<p><\/p>\n","protected":false},"excerpt":{"rendered":"<p>Cookies Aucun cookie n&rsquo;est utilis\u00e9 sur ce site. Donn\u00e9es personnelles Ce site ne collecte aucune donn\u00e9e personnelle, en conformit\u00e9 avec le RGPD (R\u00e8glement G\u00e9n\u00e9ral sur la Protection des Donn\u00e9es) UE 2016\/679 du 27 Avril 2016<\/p>\n","protected":false},"author":1,"featured_media":0,"parent":0,"menu_order":0,"comment_status":"closed","ping_status":"closed","template":"","meta":{"footnotes":""},"class_list":["post-46","page","type-page","status-publish","hentry"],"_links":{"self":[{"href":"https:\/\/kryptonet.fr\/index.php?rest_route=\/wp\/v2\/pages\/46","targetHints":{"allow":["GET"]}}],"collection":[{"href":"https:\/\/kryptonet.fr\/index.php?rest_route=\/wp\/v2\/pages"}],"about":[{"href":"https:\/\/kryptonet.fr\/index.php?rest_route=\/wp\/v2\/types\/page"}],"author":[{"embeddable":true,"href":"https:\/\/kryptonet.fr\/index.php?rest_route=\/wp\/v2\/users\/1"}],"replies":[{"embeddable":true,"href":"https:\/\/kryptonet.fr\/index.php?rest_route=%2Fwp%2Fv2%2Fcomments&post=46"}],"version-history":[{"count":3,"href":"https:\/\/kryptonet.fr\/index.php?rest_route=\/wp\/v2\/pages\/46\/revisions"}],"predecessor-version":[{"id":62,"href":"https:\/\/kryptonet.fr\/index.php?rest_route=\/wp\/v2\/pages\/46\/revisions\/62"}],"wp:attachment":[{"href":"https:\/\/kryptonet.fr\/index.php?rest_route=%2Fwp%2Fv2%2Fmedia&parent=46"}],"curies":[{"name":"wp","href":"https:\/\/api.w.org\/{rel}","templated":true}]}}