{"id":47,"date":"2024-12-24T16:06:10","date_gmt":"2024-12-24T15:06:10","guid":{"rendered":"https:\/\/kryptonet.fr\/?page_id=47"},"modified":"2026-04-11T16:15:16","modified_gmt":"2026-04-11T14:15:16","slug":"actualites","status":"publish","type":"page","link":"https:\/\/kryptonet.fr\/?page_id=47","title":{"rendered":"Actualit\u00e9s"},"content":{"rendered":"\n<p>Nous assistons \u00e0 une recrudescence des attaques, synonyme de fuites de donn\u00e9es personnelles. <\/p>\n\n\n\n<p>Ces attaques sont la r\u00e9sultante d&rsquo;une cyber-attaque r\u00e9ussie permettant aux pirates de voler les donn\u00e9es pour monnayer la non-divulgation. Double peine pour les soci\u00e9t\u00e9s qui doivent en plus faire face \u00e0 une br\u00e8che RGPD et ses proc\u00e9dures associ\u00e9es.<\/p>\n\n\n\n<p><\/p>\n\n\n\n<p>Parmi les organismes et soci\u00e9t\u00e9s ayant subi une fuite de donn\u00e9es, on compte (entre autres) : <\/p>\n\n\n\n<p>Ficoba (organisme bancaire), Minist\u00e8re de l&rsquo;Int\u00e9rieur, France Travail, SFR, Free, Stellantis, ainsi qu&rsquo;un grand nombre de f\u00e9d\u00e9rations sportives, &#8230;<\/p>\n\n\n\n<p>Pour tout compl\u00e9ment d&rsquo;informations se r\u00e9f\u00e9rer au site de la CNIL <a href=\"https:\/\/www.cnil.fr\/fr\">https:\/\/www.cnil.fr<\/a><\/p>\n\n\n\n<p><\/p>\n","protected":false},"excerpt":{"rendered":"<p>Nous assistons \u00e0 une recrudescence des attaques, synonyme de fuites de donn\u00e9es personnelles. Ces attaques sont la r\u00e9sultante d&rsquo;une cyber-attaque r\u00e9ussie permettant aux pirates de voler les donn\u00e9es pour monnayer la non-divulgation. Double peine pour les soci\u00e9t\u00e9s qui doivent en plus faire face \u00e0 une br\u00e8che RGPD et ses proc\u00e9dures associ\u00e9es. Parmi les organismes et &hellip; <a href=\"https:\/\/kryptonet.fr\/?page_id=47\" class=\"more-link\">Continuer la lecture de <span class=\"screen-reader-text\">Actualit\u00e9s<\/span>  <span class=\"meta-nav\">&rarr;<\/span><\/a><\/p>\n","protected":false},"author":1,"featured_media":0,"parent":0,"menu_order":0,"comment_status":"closed","ping_status":"closed","template":"","meta":{"footnotes":""},"class_list":["post-47","page","type-page","status-publish","hentry"],"_links":{"self":[{"href":"https:\/\/kryptonet.fr\/index.php?rest_route=\/wp\/v2\/pages\/47","targetHints":{"allow":["GET"]}}],"collection":[{"href":"https:\/\/kryptonet.fr\/index.php?rest_route=\/wp\/v2\/pages"}],"about":[{"href":"https:\/\/kryptonet.fr\/index.php?rest_route=\/wp\/v2\/types\/page"}],"author":[{"embeddable":true,"href":"https:\/\/kryptonet.fr\/index.php?rest_route=\/wp\/v2\/users\/1"}],"replies":[{"embeddable":true,"href":"https:\/\/kryptonet.fr\/index.php?rest_route=%2Fwp%2Fv2%2Fcomments&post=47"}],"version-history":[{"count":9,"href":"https:\/\/kryptonet.fr\/index.php?rest_route=\/wp\/v2\/pages\/47\/revisions"}],"predecessor-version":[{"id":167,"href":"https:\/\/kryptonet.fr\/index.php?rest_route=\/wp\/v2\/pages\/47\/revisions\/167"}],"wp:attachment":[{"href":"https:\/\/kryptonet.fr\/index.php?rest_route=%2Fwp%2Fv2%2Fmedia&parent=47"}],"curies":[{"name":"wp","href":"https:\/\/api.w.org\/{rel}","templated":true}]}}