{"id":67,"date":"2025-01-06T14:57:41","date_gmt":"2025-01-06T13:57:41","guid":{"rendered":"https:\/\/kryptonet.fr\/?page_id=67"},"modified":"2026-04-22T10:12:20","modified_gmt":"2026-04-22T08:12:20","slug":"bienvenue-sur-le-site-kryptonet-fr","status":"publish","type":"page","link":"https:\/\/kryptonet.fr\/","title":{"rendered":"Bienvenue sur le site KRYPTONET.FR"},"content":{"rendered":"\n<p><em>Version du site B.0<\/em>1<\/p>\n\n\n\n<div class=\"wp-block-media-text is-stacked-on-mobile is-vertically-aligned-center\" style=\"grid-template-columns:40% auto\"><figure class=\"wp-block-media-text__media\"><img fetchpriority=\"high\" decoding=\"async\" width=\"1024\" height=\"663\" src=\"https:\/\/kryptonet.fr\/wp-content\/uploads\/2024\/12\/kryptonet-logo-1024x663.png\" alt=\"\" class=\"wp-image-8 size-full\" srcset=\"https:\/\/kryptonet.fr\/wp-content\/uploads\/2024\/12\/kryptonet-logo-1024x663.png 1024w, https:\/\/kryptonet.fr\/wp-content\/uploads\/2024\/12\/kryptonet-logo-300x194.png 300w, https:\/\/kryptonet.fr\/wp-content\/uploads\/2024\/12\/kryptonet-logo-768x497.png 768w, https:\/\/kryptonet.fr\/wp-content\/uploads\/2024\/12\/kryptonet-logo-1536x994.png 1536w, https:\/\/kryptonet.fr\/wp-content\/uploads\/2024\/12\/kryptonet-logo-2048x1325.png 2048w\" sizes=\"(max-width: 1024px) 100vw, 1024px\" \/><\/figure><div class=\"wp-block-media-text__content\">\n<p class=\"has-medium-font-size\"><strong>La s\u00e9curit\u00e9 de vos donn\u00e9es n&rsquo;est plus une option<\/strong><br><\/p>\n<\/div><\/div>\n\n\n\n<p>Avec la place grandissante que prend Internet tant dans notre vie personnelle que professionnelle, nous sommes expos\u00e9s \u00e0 toutes sortes de sollicitations pas toujours bien intentionn\u00e9es.<\/p>\n\n\n\n<p>Que vous soyez une collectivit\u00e9, une pme, une association, une grande entreprise, \u00e0 ce jour vous \u00eates une cible potentielle.<\/p>\n\n\n\n<p>Quelques questions pour vous guider :<\/p>\n\n\n\n<p style=\"font-size:15px\">\u2717 Utilisez-vous fr\u00e9quemment le m\u00eame mot de passe ?<br>\u2717 Quand vos donn\u00e9es ont-elles \u00e9t\u00e9 sauvegard\u00e9 ?<br>\u2717 Vous ou vos utilisateurs utilisent-ils leurs appareils personnels dans le cadre du travail ?<br>\u2717 Utilisez-vous le cloud ?<br>\u2717 Vos \u00e9quipements sont-ils maintenus \u00e0 jour ?<br>\u2717 Connaissez-vous la conduite \u00e0 tenir en cas d\u2019attaque ?<\/p>\n\n\n\n<p class=\"has-text-align-left\" style=\"font-size:15px\"><br><strong>L\u2019humain est \u00e0 la fois le premier rempart et le maillon faible de cette cha\u00eene.<\/strong><\/p>\n\n\n\n<p class=\"has-text-align-left has-text-color has-link-color wp-elements-e906abb18f8d8efe6b8fbe76d260aa14\" style=\"color:#ff0000\"><strong>Les solutions existent. N\u2019attendez pas qu\u2019il soit trop tard pour en parler.<\/strong><\/p>\n\n\n\n<p class=\"has-text-color has-link-color wp-elements-e8a530f18f44fb53a140789f844cca43\" style=\"color:#0000ff\"><a href=\"https:\/\/kryptonet.fr\/?page_id=169\" data-type=\"page\" data-id=\"16\">Nos prestations<\/a><\/p>\n\n\n\n<ul class=\"wp-block-list\">\n<li>CyberS\u00e9curit\u00e9<\/li>\n\n\n\n<li>RGPD<\/li>\n\n\n\n<li>Syst\u00e8mes &amp; R\u00e9seaux<\/li>\n\n\n\n<li>Office 365<\/li>\n<\/ul>\n\n\n\n<p><\/p>\n","protected":false},"excerpt":{"rendered":"<p>Version du site B.01 La s\u00e9curit\u00e9 de vos donn\u00e9es n&rsquo;est plus une option Avec la place grandissante que prend Internet tant dans notre vie personnelle que professionnelle, nous sommes expos\u00e9s \u00e0 toutes sortes de sollicitations pas toujours bien intentionn\u00e9es. Que vous soyez une collectivit\u00e9, une pme, une association, une grande entreprise, \u00e0 ce jour vous &hellip; <a href=\"https:\/\/kryptonet.fr\/\" class=\"more-link\">Continuer la lecture de <span class=\"screen-reader-text\">Bienvenue sur le site KRYPTONET.FR<\/span>  <span class=\"meta-nav\">&rarr;<\/span><\/a><\/p>\n","protected":false},"author":1,"featured_media":0,"parent":0,"menu_order":0,"comment_status":"closed","ping_status":"closed","template":"page-templates\/full-width.php","meta":{"footnotes":""},"class_list":["post-67","page","type-page","status-publish","hentry"],"_links":{"self":[{"href":"https:\/\/kryptonet.fr\/index.php?rest_route=\/wp\/v2\/pages\/67","targetHints":{"allow":["GET"]}}],"collection":[{"href":"https:\/\/kryptonet.fr\/index.php?rest_route=\/wp\/v2\/pages"}],"about":[{"href":"https:\/\/kryptonet.fr\/index.php?rest_route=\/wp\/v2\/types\/page"}],"author":[{"embeddable":true,"href":"https:\/\/kryptonet.fr\/index.php?rest_route=\/wp\/v2\/users\/1"}],"replies":[{"embeddable":true,"href":"https:\/\/kryptonet.fr\/index.php?rest_route=%2Fwp%2Fv2%2Fcomments&post=67"}],"version-history":[{"count":14,"href":"https:\/\/kryptonet.fr\/index.php?rest_route=\/wp\/v2\/pages\/67\/revisions"}],"predecessor-version":[{"id":191,"href":"https:\/\/kryptonet.fr\/index.php?rest_route=\/wp\/v2\/pages\/67\/revisions\/191"}],"wp:attachment":[{"href":"https:\/\/kryptonet.fr\/index.php?rest_route=%2Fwp%2Fv2%2Fmedia&parent=67"}],"curies":[{"name":"wp","href":"https:\/\/api.w.org\/{rel}","templated":true}]}}